{"id":4409,"date":"2025-10-05T14:23:20","date_gmt":"2025-10-05T12:23:20","guid":{"rendered":"https:\/\/autopneu.md\/product\/185-60-r-14-roadx-rxfrost-wh01-82h\/"},"modified":"2026-01-12T16:36:41","modified_gmt":"2026-01-12T14:36:41","slug":"185-60-r-14-roadx-rxfrost-wh01-82h","status":"publish","type":"product","link":"https:\/\/autopneu.md\/ru\/product\/185-60-r-14-roadx-rxfrost-wh01-82h\/","title":{"rendered":"185\/60 R 14 RoadX RxFrost WH01 82H"},"content":{"rendered":"","protected":false},"excerpt":{"rendered":"","protected":false},"featured_media":4626,"template":"","meta":{"_uag_custom_page_level_css":"","site-sidebar-layout":"default","site-content-layout":"","ast-site-content-layout":"default","site-content-style":"default","site-sidebar-style":"default","ast-global-header-display":"","ast-banner-title-visibility":"","ast-main-header-display":"","ast-hfb-above-header-display":"","ast-hfb-below-header-display":"","ast-hfb-mobile-header-display":"","site-post-title":"","ast-breadcrumbs-content":"","ast-featured-img":"","footer-sml-layout":"","theme-transparent-header-meta":"default","adv-header-id-meta":"","stick-header-meta":"","header-above-stick-meta":"","header-main-stick-meta":"","header-below-stick-meta":"","astra-migrate-meta-layouts":"set","ast-page-background-enabled":"default","ast-page-background-meta":{"desktop":{"background-color":"","background-image":"","background-repeat":"repeat","background-position":"center center","background-size":"auto","background-attachment":"scroll","background-type":"","background-media":"","overlay-type":"","overlay-color":"","overlay-opacity":"","overlay-gradient":""},"tablet":{"background-color":"","background-image":"","background-repeat":"repeat","background-position":"center center","background-size":"auto","background-attachment":"scroll","background-type":"","background-media":"","overlay-type":"","overlay-color":"","overlay-opacity":"","overlay-gradient":""},"mobile":{"background-color":"","background-image":"","background-repeat":"repeat","background-position":"center center","background-size":"auto","background-attachment":"scroll","background-type":"","background-media":"","overlay-type":"","overlay-color":"","overlay-opacity":"","overlay-gradient":""}},"ast-content-background-meta":{"desktop":{"background-color":"var(--ast-global-color-5)","background-image":"","background-repeat":"repeat","background-position":"center center","background-size":"auto","background-attachment":"scroll","background-type":"","background-media":"","overlay-type":"","overlay-color":"","overlay-opacity":"","overlay-gradient":""},"tablet":{"background-color":"var(--ast-global-color-5)","background-image":"","background-repeat":"repeat","background-position":"center center","background-size":"auto","background-attachment":"scroll","background-type":"","background-media":"","overlay-type":"","overlay-color":"","overlay-opacity":"","overlay-gradient":""},"mobile":{"background-color":"var(--ast-global-color-5)","background-image":"","background-repeat":"repeat","background-position":"center center","background-size":"auto","background-attachment":"scroll","background-type":"","background-media":"","overlay-type":"","overlay-color":"","overlay-opacity":"","overlay-gradient":""}}},"pwb-brand":[393],"product_brand":[],"product_cat":[369],"product_tag":[396],"class_list":{"0":"post-4409","1":"product","2":"type-product","3":"status-publish","4":"has-post-thumbnail","6":"pwb-brand-roadx","7":"product_cat-----suv-","8":"product_tag-185-60r14","9":"pa_diameter-64","10":"pa_height-56","11":"pa_season-winter","12":"pa_width-85","13":"desktop-align-left","14":"tablet-align-left","15":"mobile-align-left","17":"first","18":"instock","19":"shipping-taxable","20":"purchasable","21":"product-type-simple"},"yoast_head":"<!-- This site is optimized with the Yoast SEO plugin v27.3 - https:\/\/yoast.com\/product\/yoast-seo-wordpress\/ -->\n<title>185\/60 R 14 RoadX RxFrost WH01 82H - AUTOPNEU.MD<\/title>\n<meta name=\"robots\" content=\"index, follow, max-snippet:-1, max-image-preview:large, max-video-preview:-1\" \/>\n<link rel=\"canonical\" href=\"https:\/\/autopneu.md\/ru\/product\/185-60-r-14-roadx-rxfrost-wh01-82h\/\" \/>\n<meta property=\"og:locale\" content=\"ru_RU\" \/>\n<meta property=\"og:type\" content=\"article\" \/>\n<meta property=\"og:title\" content=\"185\/60 R 14 RoadX RxFrost WH01 82H - AUTOPNEU.MD\" \/>\n<meta property=\"og:url\" content=\"https:\/\/autopneu.md\/ru\/product\/185-60-r-14-roadx-rxfrost-wh01-82h\/\" \/>\n<meta property=\"og:site_name\" content=\"AUTOPNEU.MD\" \/>\n<meta property=\"article:modified_time\" content=\"2026-01-12T14:36:41+00:00\" \/>\n<meta property=\"og:image\" content=\"https:\/\/autopneu.md\/wp-content\/uploads\/2025\/10\/WH01Yw51-2.png\" \/>\n\t<meta property=\"og:image:width\" content=\"1000\" \/>\n\t<meta property=\"og:image:height\" content=\"1369\" \/>\n\t<meta property=\"og:image:type\" content=\"image\/png\" \/>\n<meta name=\"twitter:card\" content=\"summary_large_image\" \/>\n<meta name=\"twitter:label1\" content=\"\u041f\u0440\u0438\u043c\u0435\u0440\u043d\u043e\u0435 \u0432\u0440\u0435\u043c\u044f \u0434\u043b\u044f \u0447\u0442\u0435\u043d\u0438\u044f\" \/>\n\t<meta name=\"twitter:data1\" content=\"1 \u043c\u0438\u043d\u0443\u0442\u0430\" \/>\n<script type=\"application\/ld+json\" class=\"yoast-schema-graph\">{\"@context\":\"https:\\\/\\\/schema.org\",\"@graph\":[{\"@type\":\"WebPage\",\"@id\":\"https:\\\/\\\/autopneu.md\\\/product\\\/185-60-r-14-roadx-rxfrost-wh01-82h\\\/\",\"url\":\"https:\\\/\\\/autopneu.md\\\/product\\\/185-60-r-14-roadx-rxfrost-wh01-82h\\\/\",\"name\":\"185\\\/60 R 14 RoadX RxFrost WH01 82H - AUTOPNEU.MD\",\"isPartOf\":{\"@id\":\"https:\\\/\\\/autopneu.md\\\/#website\"},\"primaryImageOfPage\":{\"@id\":\"https:\\\/\\\/autopneu.md\\\/product\\\/185-60-r-14-roadx-rxfrost-wh01-82h\\\/#primaryimage\"},\"image\":{\"@id\":\"https:\\\/\\\/autopneu.md\\\/product\\\/185-60-r-14-roadx-rxfrost-wh01-82h\\\/#primaryimage\"},\"thumbnailUrl\":\"https:\\\/\\\/autopneu.md\\\/wp-content\\\/uploads\\\/2025\\\/10\\\/WH01Yw51-2.png\",\"datePublished\":\"2025-10-05T12:23:20+00:00\",\"dateModified\":\"2026-01-12T14:36:41+00:00\",\"breadcrumb\":{\"@id\":\"https:\\\/\\\/autopneu.md\\\/product\\\/185-60-r-14-roadx-rxfrost-wh01-82h\\\/#breadcrumb\"},\"inLanguage\":\"ru-RU\",\"potentialAction\":[{\"@type\":\"ReadAction\",\"target\":[\"https:\\\/\\\/autopneu.md\\\/product\\\/185-60-r-14-roadx-rxfrost-wh01-82h\\\/\"]}]},{\"@type\":\"ImageObject\",\"inLanguage\":\"ru-RU\",\"@id\":\"https:\\\/\\\/autopneu.md\\\/product\\\/185-60-r-14-roadx-rxfrost-wh01-82h\\\/#primaryimage\",\"url\":\"https:\\\/\\\/autopneu.md\\\/wp-content\\\/uploads\\\/2025\\\/10\\\/WH01Yw51-2.png\",\"contentUrl\":\"https:\\\/\\\/autopneu.md\\\/wp-content\\\/uploads\\\/2025\\\/10\\\/WH01Yw51-2.png\",\"width\":1000,\"height\":1369},{\"@type\":\"BreadcrumbList\",\"@id\":\"https:\\\/\\\/autopneu.md\\\/product\\\/185-60-r-14-roadx-rxfrost-wh01-82h\\\/#breadcrumb\",\"itemListElement\":[{\"@type\":\"ListItem\",\"position\":1,\"name\":\"Home\",\"item\":\"https:\\\/\\\/autopneu.md\\\/\"},{\"@type\":\"ListItem\",\"position\":2,\"name\":\"Store\",\"item\":\"https:\\\/\\\/autopneu.md\\\/store\\\/\"},{\"@type\":\"ListItem\",\"position\":3,\"name\":\"185\\\/60 R 14 RoadX RxFrost WH01 82H\"}]},{\"@type\":\"WebSite\",\"@id\":\"https:\\\/\\\/autopneu.md\\\/#website\",\"url\":\"https:\\\/\\\/autopneu.md\\\/\",\"name\":\"AUTOPNEU.MD\",\"description\":\"Cump\u0103r\u0103 anvelope \u00een Chi\u0219in\u0103u cu livrare gratuit\u0103 \u2013 simplu \u0219i rapid! Anvelope de var\u0103, iarn\u0103 \u0219i all-season de la produc\u0103tori de top. Comand\u0103 online \u0219i livrare rapid\u0103 direct la u\u0219a ta. \u041a\u0443\u043f\u0438\u0442\u044c \u0448\u0438\u043d\u044b \u0432 \u041a\u0438\u0448\u0438\u043d\u0451\u0432\u0435 \u0441 \u0431\u0435\u0441\u043f\u043b\u0430\u0442\u043d\u043e\u0439 \u0434\u043e\u0441\u0442\u0430\u0432\u043a\u043e\u0439 \u2014 \u043b\u0435\u0433\u043a\u043e! \u041b\u0435\u0442\u043d\u0438\u0435, \u0437\u0438\u043c\u043d\u0438\u0435 \u0438 \u0432\u0441\u0435\u0441\u0435\u0437\u043e\u043d\u043d\u044b\u0435 \u0448\u0438\u043d\u044b \u043e\u0442 \u0442\u043e\u043f\u043e\u0432\u044b\u0445 \u043f\u0440\u043e\u0438\u0437\u0432\u043e\u0434\u0438\u0442\u0435\u043b\u0435\u0439. \u041e\u043d\u043b\u0430\u0439\u043d \u0437\u0430\u043a\u0430\u0437 \u0438 \u0431\u044b\u0441\u0442\u0440\u0430\u044f \u0434\u043e\u0441\u0442\u0430\u0432\u043a\u0430 \u043f\u0440\u044f\u043c\u043e \u043a \u0432\u0430\u0448\u0435\u043c\u0443 \u043f\u043e\u0440\u043e\u0433\u0443.\",\"publisher\":{\"@id\":\"https:\\\/\\\/autopneu.md\\\/#organization\"},\"potentialAction\":[{\"@type\":\"SearchAction\",\"target\":{\"@type\":\"EntryPoint\",\"urlTemplate\":\"https:\\\/\\\/autopneu.md\\\/?s={search_term_string}\"},\"query-input\":{\"@type\":\"PropertyValueSpecification\",\"valueRequired\":true,\"valueName\":\"search_term_string\"}}],\"inLanguage\":\"ru-RU\"},{\"@type\":\"Organization\",\"@id\":\"https:\\\/\\\/autopneu.md\\\/#organization\",\"name\":\"AUTOPNEU.MD\",\"url\":\"https:\\\/\\\/autopneu.md\\\/\",\"logo\":{\"@type\":\"ImageObject\",\"inLanguage\":\"ru-RU\",\"@id\":\"https:\\\/\\\/autopneu.md\\\/#\\\/schema\\\/logo\\\/image\\\/\",\"url\":\"https:\\\/\\\/autopneu.md\\\/wp-content\\\/uploads\\\/2025\\\/04\\\/cropped-autopneu_logo-1.png\",\"contentUrl\":\"https:\\\/\\\/autopneu.md\\\/wp-content\\\/uploads\\\/2025\\\/04\\\/cropped-autopneu_logo-1.png\",\"width\":393,\"height\":46,\"caption\":\"AUTOPNEU.MD\"},\"image\":{\"@id\":\"https:\\\/\\\/autopneu.md\\\/#\\\/schema\\\/logo\\\/image\\\/\"}}]}<\/script>\n<!-- \/ Yoast SEO plugin. -->","yoast_head_json":{"title":"185\/60 R 14 RoadX RxFrost WH01 82H - AUTOPNEU.MD","robots":{"index":"index","follow":"follow","max-snippet":"max-snippet:-1","max-image-preview":"max-image-preview:large","max-video-preview":"max-video-preview:-1"},"canonical":"https:\/\/autopneu.md\/ru\/product\/185-60-r-14-roadx-rxfrost-wh01-82h\/","og_locale":"ru_RU","og_type":"article","og_title":"185\/60 R 14 RoadX RxFrost WH01 82H - AUTOPNEU.MD","og_url":"https:\/\/autopneu.md\/ru\/product\/185-60-r-14-roadx-rxfrost-wh01-82h\/","og_site_name":"AUTOPNEU.MD","article_modified_time":"2026-01-12T14:36:41+00:00","og_image":[{"width":1000,"height":1369,"url":"https:\/\/autopneu.md\/wp-content\/uploads\/2025\/10\/WH01Yw51-2.png","type":"image\/png"}],"twitter_card":"summary_large_image","twitter_misc":{"\u041f\u0440\u0438\u043c\u0435\u0440\u043d\u043e\u0435 \u0432\u0440\u0435\u043c\u044f \u0434\u043b\u044f \u0447\u0442\u0435\u043d\u0438\u044f":"1 \u043c\u0438\u043d\u0443\u0442\u0430"},"schema":{"@context":"https:\/\/schema.org","@graph":[{"@type":"WebPage","@id":"https:\/\/autopneu.md\/product\/185-60-r-14-roadx-rxfrost-wh01-82h\/","url":"https:\/\/autopneu.md\/product\/185-60-r-14-roadx-rxfrost-wh01-82h\/","name":"185\/60 R 14 RoadX RxFrost WH01 82H - AUTOPNEU.MD","isPartOf":{"@id":"https:\/\/autopneu.md\/#website"},"primaryImageOfPage":{"@id":"https:\/\/autopneu.md\/product\/185-60-r-14-roadx-rxfrost-wh01-82h\/#primaryimage"},"image":{"@id":"https:\/\/autopneu.md\/product\/185-60-r-14-roadx-rxfrost-wh01-82h\/#primaryimage"},"thumbnailUrl":"https:\/\/autopneu.md\/wp-content\/uploads\/2025\/10\/WH01Yw51-2.png","datePublished":"2025-10-05T12:23:20+00:00","dateModified":"2026-01-12T14:36:41+00:00","breadcrumb":{"@id":"https:\/\/autopneu.md\/product\/185-60-r-14-roadx-rxfrost-wh01-82h\/#breadcrumb"},"inLanguage":"ru-RU","potentialAction":[{"@type":"ReadAction","target":["https:\/\/autopneu.md\/product\/185-60-r-14-roadx-rxfrost-wh01-82h\/"]}]},{"@type":"ImageObject","inLanguage":"ru-RU","@id":"https:\/\/autopneu.md\/product\/185-60-r-14-roadx-rxfrost-wh01-82h\/#primaryimage","url":"https:\/\/autopneu.md\/wp-content\/uploads\/2025\/10\/WH01Yw51-2.png","contentUrl":"https:\/\/autopneu.md\/wp-content\/uploads\/2025\/10\/WH01Yw51-2.png","width":1000,"height":1369},{"@type":"BreadcrumbList","@id":"https:\/\/autopneu.md\/product\/185-60-r-14-roadx-rxfrost-wh01-82h\/#breadcrumb","itemListElement":[{"@type":"ListItem","position":1,"name":"Home","item":"https:\/\/autopneu.md\/"},{"@type":"ListItem","position":2,"name":"Store","item":"https:\/\/autopneu.md\/store\/"},{"@type":"ListItem","position":3,"name":"185\/60 R 14 RoadX RxFrost WH01 82H"}]},{"@type":"WebSite","@id":"https:\/\/autopneu.md\/#website","url":"https:\/\/autopneu.md\/","name":"AUTOPNEU.MD","description":"Cump\u0103r\u0103 anvelope \u00een Chi\u0219in\u0103u cu livrare gratuit\u0103 \u2013 simplu \u0219i rapid! Anvelope de var\u0103, iarn\u0103 \u0219i all-season de la produc\u0103tori de top. Comand\u0103 online \u0219i livrare rapid\u0103 direct la u\u0219a ta. \u041a\u0443\u043f\u0438\u0442\u044c \u0448\u0438\u043d\u044b \u0432 \u041a\u0438\u0448\u0438\u043d\u0451\u0432\u0435 \u0441 \u0431\u0435\u0441\u043f\u043b\u0430\u0442\u043d\u043e\u0439 \u0434\u043e\u0441\u0442\u0430\u0432\u043a\u043e\u0439 \u2014 \u043b\u0435\u0433\u043a\u043e! \u041b\u0435\u0442\u043d\u0438\u0435, \u0437\u0438\u043c\u043d\u0438\u0435 \u0438 \u0432\u0441\u0435\u0441\u0435\u0437\u043e\u043d\u043d\u044b\u0435 \u0448\u0438\u043d\u044b \u043e\u0442 \u0442\u043e\u043f\u043e\u0432\u044b\u0445 \u043f\u0440\u043e\u0438\u0437\u0432\u043e\u0434\u0438\u0442\u0435\u043b\u0435\u0439. \u041e\u043d\u043b\u0430\u0439\u043d \u0437\u0430\u043a\u0430\u0437 \u0438 \u0431\u044b\u0441\u0442\u0440\u0430\u044f \u0434\u043e\u0441\u0442\u0430\u0432\u043a\u0430 \u043f\u0440\u044f\u043c\u043e \u043a \u0432\u0430\u0448\u0435\u043c\u0443 \u043f\u043e\u0440\u043e\u0433\u0443.","publisher":{"@id":"https:\/\/autopneu.md\/#organization"},"potentialAction":[{"@type":"SearchAction","target":{"@type":"EntryPoint","urlTemplate":"https:\/\/autopneu.md\/?s={search_term_string}"},"query-input":{"@type":"PropertyValueSpecification","valueRequired":true,"valueName":"search_term_string"}}],"inLanguage":"ru-RU"},{"@type":"Organization","@id":"https:\/\/autopneu.md\/#organization","name":"AUTOPNEU.MD","url":"https:\/\/autopneu.md\/","logo":{"@type":"ImageObject","inLanguage":"ru-RU","@id":"https:\/\/autopneu.md\/#\/schema\/logo\/image\/","url":"https:\/\/autopneu.md\/wp-content\/uploads\/2025\/04\/cropped-autopneu_logo-1.png","contentUrl":"https:\/\/autopneu.md\/wp-content\/uploads\/2025\/04\/cropped-autopneu_logo-1.png","width":393,"height":46,"caption":"AUTOPNEU.MD"},"image":{"@id":"https:\/\/autopneu.md\/#\/schema\/logo\/image\/"}}]}},"uagb_featured_image_src":{"full":["https:\/\/autopneu.md\/wp-content\/uploads\/2025\/10\/WH01Yw51-2.png",1000,1369,false],"thumbnail":["https:\/\/autopneu.md\/wp-content\/uploads\/2025\/10\/WH01Yw51-2-150x150.png",150,150,true],"medium":["https:\/\/autopneu.md\/wp-content\/uploads\/2025\/10\/WH01Yw51-2-219x300.png",219,300,true],"medium_large":["https:\/\/autopneu.md\/wp-content\/uploads\/2025\/10\/WH01Yw51-2-768x1051.png",768,1051,true],"large":["https:\/\/autopneu.md\/wp-content\/uploads\/2025\/10\/WH01Yw51-2-748x1024.png",748,1024,true],"1536x1536":["https:\/\/autopneu.md\/wp-content\/uploads\/2025\/10\/WH01Yw51-2.png",1000,1369,false],"2048x2048":["https:\/\/autopneu.md\/wp-content\/uploads\/2025\/10\/WH01Yw51-2.png",1000,1369,false],"trp-custom-language-flag":["https:\/\/autopneu.md\/wp-content\/uploads\/2025\/10\/WH01Yw51-2-9x12.png",9,12,true],"woocommerce_thumbnail":["https:\/\/autopneu.md\/wp-content\/uploads\/2025\/10\/WH01Yw51-2-300x411.png",300,411,true],"woocommerce_single":["https:\/\/autopneu.md\/wp-content\/uploads\/2025\/10\/WH01Yw51-2-600x821.png",600,821,true],"woocommerce_gallery_thumbnail":["https:\/\/autopneu.md\/wp-content\/uploads\/2025\/10\/WH01Yw51-2-100x100.png",100,100,true]},"uagb_author_info":{"display_name":"AutoPneu","author_link":"https:\/\/autopneu.md\/ru\/author\/"},"uagb_comment_info":0,"uagb_excerpt":null,"brands":[{"id":393,"name":"ROADX","slug":"roadx"}],"_links":{"self":[{"href":"https:\/\/autopneu.md\/ru\/wp-json\/wp\/v2\/product\/4409","targetHints":{"allow":["GET"]}}],"collection":[{"href":"https:\/\/autopneu.md\/ru\/wp-json\/wp\/v2\/product"}],"about":[{"href":"https:\/\/autopneu.md\/ru\/wp-json\/wp\/v2\/types\/product"}],"wp:featuredmedia":[{"embeddable":true,"href":"https:\/\/autopneu.md\/ru\/wp-json\/wp\/v2\/media\/4626"}],"wp:attachment":[{"href":"https:\/\/autopneu.md\/ru\/wp-json\/wp\/v2\/media?parent=4409"}],"wp:term":[{"taxonomy":"pwb-brand","embeddable":true,"href":"https:\/\/autopneu.md\/ru\/wp-json\/wp\/v2\/pwb-brand?post=4409"},{"taxonomy":"product_brand","embeddable":true,"href":"https:\/\/autopneu.md\/ru\/wp-json\/wp\/v2\/product_brand?post=4409"},{"taxonomy":"product_cat","embeddable":true,"href":"https:\/\/autopneu.md\/ru\/wp-json\/wp\/v2\/product_cat?post=4409"},{"taxonomy":"product_tag","embeddable":true,"href":"https:\/\/autopneu.md\/ru\/wp-json\/wp\/v2\/product_tag?post=4409"}],"curies":[{"name":"wp","href":"https:\/\/api.w.org\/{rel}","templated":true}]}}