{"id":2756,"date":"2025-04-17T23:15:04","date_gmt":"2025-04-17T20:15:04","guid":{"rendered":"http:\/\/autopneu.local\/contact-us\/"},"modified":"2025-04-24T16:57:46","modified_gmt":"2025-04-24T13:57:46","slug":"contact-us","status":"publish","type":"page","link":"https:\/\/autopneu.md\/ru\/contact-us\/","title":{"rendered":"\u0421\u0432\u044f\u0437\u044c \u0441 \u043d\u0430\u043c\u0438"},"content":{"rendered":"\n<div class=\"wp-block-uagb-container uagb-block-4ea82442 alignfull uagb-is-root-container\"><\/div>\n\n\n\n<div class=\"wp-block-uagb-container uagb-block-cb631c61 alignfull uagb-is-root-container\"><div class=\"uagb-container-inner-blocks-wrap\">\n<div class=\"wp-block-uagb-info-box uagb-block-e36be1b3 uagb-infobox__content-wrap  uagb-infobox-icon-above-title uagb-infobox-image-valign-top\"><div class=\"uagb-ifb-content\"><div class=\"uagb-ifb-title-wrap\"><h5 class=\"uagb-ifb-title-prefix\">\u0412\u043e\u0437\u043d\u0438\u043a\u043b\u0438 \u0432\u043e\u043f\u0440\u043e\u0441\u044b?<\/h5><h2 class=\"uagb-ifb-title\">\u041c\u044b \u0442\u0443\u0442 \u0447\u0442\u043e\u0431\u044b \u043f\u043e\u043c\u043e\u0447\u044c \u0412\u0430\u043c.\u200b<\/h2><\/div><div class=\"uagb-ifb-separator\"><\/div><\/div><\/div>\n\n\n\n<div class=\"wp-block-uagb-container uagb-block-8d478d84\">\n<div class=\"wp-block-uagb-container uagb-block-eedc770c\">\n<div class=\"wp-block-uagb-advanced-heading uagb-block-0152d9d2\"><h3 class=\"uagb-heading-text\">\u0422\u0435\u043b\u0435\u0444\u043e\u043d<\/h3><p class=\"uagb-desc-text\">\u0417\u0432\u043e\u043d\u0438\u0442\u0435 \u043f\u043e \u0442\u0435\u043b\u0435\u0444\u043e\u043d\u0443<\/p><\/div>\n\n\n\n<div class=\"wp-block-uagb-advanced-heading uagb-block-7b600c7c\"><h5 class=\"uagb-heading-text\">068700788<\/h5><\/div>\n<\/div>\n\n\n\n<div class=\"wp-block-uagb-container uagb-block-bbac4cb6\">\n<div class=\"wp-block-uagb-advanced-heading uagb-block-425262b5\"><h3 class=\"uagb-heading-text\">E-mail<\/h3><p class=\"uagb-desc-text\">\u041f\u0438\u0448\u0438\u0442\u0435 \u043d\u0430\u043c \u043d\u0430 \u043f\u043e\u0447\u0442\u0443<\/p><\/div>\n\n\n\n<div class=\"wp-block-uagb-advanced-heading uagb-block-40b56668\"><h5 class=\"uagb-heading-text\">autopneumd@yahoo.com<\/h5><\/div>\n<\/div>\n<\/div>\n<\/div><\/div>\n\n\n\n<p><\/p>\n","protected":false},"excerpt":{"rendered":"<p>\u0422\u0435\u043b\u0435\u0444\u043e\u043d \u0417\u0432\u043e\u043d\u0438\u0442\u0435 \u043f\u043e \u0442\u0435\u043b\u0435\u0444\u043e\u043d\u0443 068700788 E-mail \u041f\u0438\u0448\u0438\u0442\u0435 \u043d\u0430\u043c \u043d\u0430 \u043f\u043e\u0447\u0442\u0443 autopneumd@yahoo.com<\/p>\n","protected":false},"author":1,"featured_media":3235,"parent":0,"menu_order":0,"comment_status":"closed","ping_status":"closed","template":"","meta":{"_uag_custom_page_level_css":"","site-sidebar-layout":"no-sidebar","site-content-layout":"plain-container","ast-site-content-layout":"full-width-container","site-content-style":"default","site-sidebar-style":"default","ast-global-header-display":"","ast-banner-title-visibility":"","ast-main-header-display":"","ast-hfb-above-header-display":"","ast-hfb-below-header-display":"","ast-hfb-mobile-header-display":"","site-post-title":"disabled","ast-breadcrumbs-content":"","ast-featured-img":"disabled","footer-sml-layout":"","theme-transparent-header-meta":"enabled","adv-header-id-meta":"","stick-header-meta":"","header-above-stick-meta":"","header-main-stick-meta":"","header-below-stick-meta":"","astra-migrate-meta-layouts":"set","ast-page-background-enabled":"default","ast-page-background-meta":{"desktop":{"background-color":"","background-image":"","background-repeat":"repeat","background-position":"center center","background-size":"auto","background-attachment":"scroll","background-type":"","background-media":"","overlay-type":"","overlay-color":"","overlay-opacity":"","overlay-gradient":""},"tablet":{"background-color":"","background-image":"","background-repeat":"repeat","background-position":"center center","background-size":"auto","background-attachment":"scroll","background-type":"","background-media":"","overlay-type":"","overlay-color":"","overlay-opacity":"","overlay-gradient":""},"mobile":{"background-color":"","background-image":"","background-repeat":"repeat","background-position":"center center","background-size":"auto","background-attachment":"scroll","background-type":"","background-media":"","overlay-type":"","overlay-color":"","overlay-opacity":"","overlay-gradient":""}},"ast-content-background-meta":{"desktop":{"background-color":"var(--ast-global-color-5)","background-image":"","background-repeat":"repeat","background-position":"center center","background-size":"auto","background-attachment":"scroll","background-type":"","background-media":"","overlay-type":"","overlay-color":"","overlay-opacity":"","overlay-gradient":""},"tablet":{"background-color":"var(--ast-global-color-5)","background-image":"","background-repeat":"repeat","background-position":"center center","background-size":"auto","background-attachment":"scroll","background-type":"","background-media":"","overlay-type":"","overlay-color":"","overlay-opacity":"","overlay-gradient":""},"mobile":{"background-color":"var(--ast-global-color-5)","background-image":"","background-repeat":"repeat","background-position":"center center","background-size":"auto","background-attachment":"scroll","background-type":"","background-media":"","overlay-type":"","overlay-color":"","overlay-opacity":"","overlay-gradient":""}},"footnotes":""},"class_list":["post-2756","page","type-page","status-publish","has-post-thumbnail","hentry"],"yoast_head":"<!-- This site is optimized with the Yoast SEO plugin v27.3 - https:\/\/yoast.com\/product\/yoast-seo-wordpress\/ -->\n<title>\u0421\u0432\u044f\u0437\u044c \u0441 \u043d\u0430\u043c\u0438 - AUTOPNEU.MD<\/title>\n<meta name=\"robots\" content=\"index, follow, max-snippet:-1, max-image-preview:large, max-video-preview:-1\" \/>\n<link rel=\"canonical\" href=\"https:\/\/autopneu.md\/ru\/contact-us\/\" \/>\n<meta property=\"og:locale\" content=\"ru_RU\" \/>\n<meta property=\"og:type\" content=\"article\" \/>\n<meta property=\"og:title\" content=\"\u0421\u0432\u044f\u0437\u044c \u0441 \u043d\u0430\u043c\u0438 - AUTOPNEU.MD\" \/>\n<meta property=\"og:description\" content=\"\u0422\u0435\u043b\u0435\u0444\u043e\u043d \u0417\u0432\u043e\u043d\u0438\u0442\u0435 \u043f\u043e \u0442\u0435\u043b\u0435\u0444\u043e\u043d\u0443 068700788 E-mail \u041f\u0438\u0448\u0438\u0442\u0435 \u043d\u0430\u043c \u043d\u0430 \u043f\u043e\u0447\u0442\u0443 autopneumd@yahoo.com\" \/>\n<meta property=\"og:url\" content=\"https:\/\/autopneu.md\/ru\/contact-us\/\" \/>\n<meta property=\"og:site_name\" content=\"AUTOPNEU.MD\" \/>\n<meta property=\"article:modified_time\" content=\"2025-04-24T13:57:46+00:00\" \/>\n<meta name=\"twitter:card\" content=\"summary_large_image\" \/>\n<meta name=\"twitter:label1\" content=\"\u041f\u0440\u0438\u043c\u0435\u0440\u043d\u043e\u0435 \u0432\u0440\u0435\u043c\u044f \u0434\u043b\u044f \u0447\u0442\u0435\u043d\u0438\u044f\" \/>\n\t<meta name=\"twitter:data1\" content=\"1 \u043c\u0438\u043d\u0443\u0442\u0430\" \/>\n<script type=\"application\/ld+json\" class=\"yoast-schema-graph\">{\"@context\":\"https:\\\/\\\/schema.org\",\"@graph\":[{\"@type\":\"WebPage\",\"@id\":\"https:\\\/\\\/autopneu.md\\\/contact-us\\\/\",\"url\":\"https:\\\/\\\/autopneu.md\\\/contact-us\\\/\",\"name\":\"\u0421\u0432\u044f\u0437\u044c \u0441 \u043d\u0430\u043c\u0438 - AUTOPNEU.MD\",\"isPartOf\":{\"@id\":\"https:\\\/\\\/autopneu.md\\\/#website\"},\"primaryImageOfPage\":{\"@id\":\"https:\\\/\\\/autopneu.md\\\/contact-us\\\/#primaryimage\"},\"image\":{\"@id\":\"https:\\\/\\\/autopneu.md\\\/contact-us\\\/#primaryimage\"},\"thumbnailUrl\":\"https:\\\/\\\/autopneu.md\\\/wp-content\\\/uploads\\\/2025\\\/04\\\/cropped_white_full_logo_and_background-scaled.png\",\"datePublished\":\"2025-04-17T20:15:04+00:00\",\"dateModified\":\"2025-04-24T13:57:46+00:00\",\"breadcrumb\":{\"@id\":\"https:\\\/\\\/autopneu.md\\\/contact-us\\\/#breadcrumb\"},\"inLanguage\":\"ru-RU\",\"potentialAction\":[{\"@type\":\"ReadAction\",\"target\":[\"https:\\\/\\\/autopneu.md\\\/contact-us\\\/\"]}]},{\"@type\":\"ImageObject\",\"inLanguage\":\"ru-RU\",\"@id\":\"https:\\\/\\\/autopneu.md\\\/contact-us\\\/#primaryimage\",\"url\":\"https:\\\/\\\/autopneu.md\\\/wp-content\\\/uploads\\\/2025\\\/04\\\/cropped_white_full_logo_and_background-scaled.png\",\"contentUrl\":\"https:\\\/\\\/autopneu.md\\\/wp-content\\\/uploads\\\/2025\\\/04\\\/cropped_white_full_logo_and_background-scaled.png\",\"width\":2560,\"height\":491,\"caption\":\"logo\"},{\"@type\":\"BreadcrumbList\",\"@id\":\"https:\\\/\\\/autopneu.md\\\/contact-us\\\/#breadcrumb\",\"itemListElement\":[{\"@type\":\"ListItem\",\"position\":1,\"name\":\"Home\",\"item\":\"https:\\\/\\\/autopneu.md\\\/\"},{\"@type\":\"ListItem\",\"position\":2,\"name\":\"Contact Us\"}]},{\"@type\":\"WebSite\",\"@id\":\"https:\\\/\\\/autopneu.md\\\/#website\",\"url\":\"https:\\\/\\\/autopneu.md\\\/\",\"name\":\"AUTOPNEU.MD\",\"description\":\"Cump\u0103r\u0103 anvelope \u00een Chi\u0219in\u0103u cu livrare gratuit\u0103 \u2013 simplu \u0219i rapid! Anvelope de var\u0103, iarn\u0103 \u0219i all-season de la produc\u0103tori de top. Comand\u0103 online \u0219i livrare rapid\u0103 direct la u\u0219a ta. \u041a\u0443\u043f\u0438\u0442\u044c \u0448\u0438\u043d\u044b \u0432 \u041a\u0438\u0448\u0438\u043d\u0451\u0432\u0435 \u0441 \u0431\u0435\u0441\u043f\u043b\u0430\u0442\u043d\u043e\u0439 \u0434\u043e\u0441\u0442\u0430\u0432\u043a\u043e\u0439 \u2014 \u043b\u0435\u0433\u043a\u043e! \u041b\u0435\u0442\u043d\u0438\u0435, \u0437\u0438\u043c\u043d\u0438\u0435 \u0438 \u0432\u0441\u0435\u0441\u0435\u0437\u043e\u043d\u043d\u044b\u0435 \u0448\u0438\u043d\u044b \u043e\u0442 \u0442\u043e\u043f\u043e\u0432\u044b\u0445 \u043f\u0440\u043e\u0438\u0437\u0432\u043e\u0434\u0438\u0442\u0435\u043b\u0435\u0439. \u041e\u043d\u043b\u0430\u0439\u043d \u0437\u0430\u043a\u0430\u0437 \u0438 \u0431\u044b\u0441\u0442\u0440\u0430\u044f \u0434\u043e\u0441\u0442\u0430\u0432\u043a\u0430 \u043f\u0440\u044f\u043c\u043e \u043a \u0432\u0430\u0448\u0435\u043c\u0443 \u043f\u043e\u0440\u043e\u0433\u0443.\",\"publisher\":{\"@id\":\"https:\\\/\\\/autopneu.md\\\/#organization\"},\"potentialAction\":[{\"@type\":\"SearchAction\",\"target\":{\"@type\":\"EntryPoint\",\"urlTemplate\":\"https:\\\/\\\/autopneu.md\\\/?s={search_term_string}\"},\"query-input\":{\"@type\":\"PropertyValueSpecification\",\"valueRequired\":true,\"valueName\":\"search_term_string\"}}],\"inLanguage\":\"ru-RU\"},{\"@type\":\"Organization\",\"@id\":\"https:\\\/\\\/autopneu.md\\\/#organization\",\"name\":\"AUTOPNEU.MD\",\"url\":\"https:\\\/\\\/autopneu.md\\\/\",\"logo\":{\"@type\":\"ImageObject\",\"inLanguage\":\"ru-RU\",\"@id\":\"https:\\\/\\\/autopneu.md\\\/#\\\/schema\\\/logo\\\/image\\\/\",\"url\":\"https:\\\/\\\/autopneu.md\\\/wp-content\\\/uploads\\\/2025\\\/04\\\/cropped-autopneu_logo-1.png\",\"contentUrl\":\"https:\\\/\\\/autopneu.md\\\/wp-content\\\/uploads\\\/2025\\\/04\\\/cropped-autopneu_logo-1.png\",\"width\":393,\"height\":46,\"caption\":\"AUTOPNEU.MD\"},\"image\":{\"@id\":\"https:\\\/\\\/autopneu.md\\\/#\\\/schema\\\/logo\\\/image\\\/\"}}]}<\/script>\n<!-- \/ Yoast SEO plugin. -->","yoast_head_json":{"title":"\u0421\u0432\u044f\u0437\u044c \u0441 \u043d\u0430\u043c\u0438 - AUTOPNEU.MD","robots":{"index":"index","follow":"follow","max-snippet":"max-snippet:-1","max-image-preview":"max-image-preview:large","max-video-preview":"max-video-preview:-1"},"canonical":"https:\/\/autopneu.md\/ru\/contact-us\/","og_locale":"ru_RU","og_type":"article","og_title":"\u0421\u0432\u044f\u0437\u044c \u0441 \u043d\u0430\u043c\u0438 - AUTOPNEU.MD","og_description":"\u0422\u0435\u043b\u0435\u0444\u043e\u043d \u0417\u0432\u043e\u043d\u0438\u0442\u0435 \u043f\u043e \u0442\u0435\u043b\u0435\u0444\u043e\u043d\u0443 068700788 E-mail \u041f\u0438\u0448\u0438\u0442\u0435 \u043d\u0430\u043c \u043d\u0430 \u043f\u043e\u0447\u0442\u0443 autopneumd@yahoo.com","og_url":"https:\/\/autopneu.md\/ru\/contact-us\/","og_site_name":"AUTOPNEU.MD","article_modified_time":"2025-04-24T13:57:46+00:00","twitter_card":"summary_large_image","twitter_misc":{"\u041f\u0440\u0438\u043c\u0435\u0440\u043d\u043e\u0435 \u0432\u0440\u0435\u043c\u044f \u0434\u043b\u044f \u0447\u0442\u0435\u043d\u0438\u044f":"1 \u043c\u0438\u043d\u0443\u0442\u0430"},"schema":{"@context":"https:\/\/schema.org","@graph":[{"@type":"WebPage","@id":"https:\/\/autopneu.md\/contact-us\/","url":"https:\/\/autopneu.md\/contact-us\/","name":"\u0421\u0432\u044f\u0437\u044c \u0441 \u043d\u0430\u043c\u0438 - AUTOPNEU.MD","isPartOf":{"@id":"https:\/\/autopneu.md\/#website"},"primaryImageOfPage":{"@id":"https:\/\/autopneu.md\/contact-us\/#primaryimage"},"image":{"@id":"https:\/\/autopneu.md\/contact-us\/#primaryimage"},"thumbnailUrl":"https:\/\/autopneu.md\/wp-content\/uploads\/2025\/04\/cropped_white_full_logo_and_background-scaled.png","datePublished":"2025-04-17T20:15:04+00:00","dateModified":"2025-04-24T13:57:46+00:00","breadcrumb":{"@id":"https:\/\/autopneu.md\/contact-us\/#breadcrumb"},"inLanguage":"ru-RU","potentialAction":[{"@type":"ReadAction","target":["https:\/\/autopneu.md\/contact-us\/"]}]},{"@type":"ImageObject","inLanguage":"ru-RU","@id":"https:\/\/autopneu.md\/contact-us\/#primaryimage","url":"https:\/\/autopneu.md\/wp-content\/uploads\/2025\/04\/cropped_white_full_logo_and_background-scaled.png","contentUrl":"https:\/\/autopneu.md\/wp-content\/uploads\/2025\/04\/cropped_white_full_logo_and_background-scaled.png","width":2560,"height":491,"caption":"logo"},{"@type":"BreadcrumbList","@id":"https:\/\/autopneu.md\/contact-us\/#breadcrumb","itemListElement":[{"@type":"ListItem","position":1,"name":"Home","item":"https:\/\/autopneu.md\/"},{"@type":"ListItem","position":2,"name":"Contact Us"}]},{"@type":"WebSite","@id":"https:\/\/autopneu.md\/#website","url":"https:\/\/autopneu.md\/","name":"AUTOPNEU.MD","description":"Cump\u0103r\u0103 anvelope \u00een Chi\u0219in\u0103u cu livrare gratuit\u0103 \u2013 simplu \u0219i rapid! Anvelope de var\u0103, iarn\u0103 \u0219i all-season de la produc\u0103tori de top. Comand\u0103 online \u0219i livrare rapid\u0103 direct la u\u0219a ta. \u041a\u0443\u043f\u0438\u0442\u044c \u0448\u0438\u043d\u044b \u0432 \u041a\u0438\u0448\u0438\u043d\u0451\u0432\u0435 \u0441 \u0431\u0435\u0441\u043f\u043b\u0430\u0442\u043d\u043e\u0439 \u0434\u043e\u0441\u0442\u0430\u0432\u043a\u043e\u0439 \u2014 \u043b\u0435\u0433\u043a\u043e! \u041b\u0435\u0442\u043d\u0438\u0435, \u0437\u0438\u043c\u043d\u0438\u0435 \u0438 \u0432\u0441\u0435\u0441\u0435\u0437\u043e\u043d\u043d\u044b\u0435 \u0448\u0438\u043d\u044b \u043e\u0442 \u0442\u043e\u043f\u043e\u0432\u044b\u0445 \u043f\u0440\u043e\u0438\u0437\u0432\u043e\u0434\u0438\u0442\u0435\u043b\u0435\u0439. \u041e\u043d\u043b\u0430\u0439\u043d \u0437\u0430\u043a\u0430\u0437 \u0438 \u0431\u044b\u0441\u0442\u0440\u0430\u044f \u0434\u043e\u0441\u0442\u0430\u0432\u043a\u0430 \u043f\u0440\u044f\u043c\u043e \u043a \u0432\u0430\u0448\u0435\u043c\u0443 \u043f\u043e\u0440\u043e\u0433\u0443.","publisher":{"@id":"https:\/\/autopneu.md\/#organization"},"potentialAction":[{"@type":"SearchAction","target":{"@type":"EntryPoint","urlTemplate":"https:\/\/autopneu.md\/?s={search_term_string}"},"query-input":{"@type":"PropertyValueSpecification","valueRequired":true,"valueName":"search_term_string"}}],"inLanguage":"ru-RU"},{"@type":"Organization","@id":"https:\/\/autopneu.md\/#organization","name":"AUTOPNEU.MD","url":"https:\/\/autopneu.md\/","logo":{"@type":"ImageObject","inLanguage":"ru-RU","@id":"https:\/\/autopneu.md\/#\/schema\/logo\/image\/","url":"https:\/\/autopneu.md\/wp-content\/uploads\/2025\/04\/cropped-autopneu_logo-1.png","contentUrl":"https:\/\/autopneu.md\/wp-content\/uploads\/2025\/04\/cropped-autopneu_logo-1.png","width":393,"height":46,"caption":"AUTOPNEU.MD"},"image":{"@id":"https:\/\/autopneu.md\/#\/schema\/logo\/image\/"}}]}},"uagb_featured_image_src":{"full":["https:\/\/autopneu.md\/wp-content\/uploads\/2025\/04\/cropped_white_full_logo_and_background-scaled.png",2560,491,false],"thumbnail":["https:\/\/autopneu.md\/wp-content\/uploads\/2025\/04\/cropped_white_full_logo_and_background-150x150.png",150,150,true],"medium":["https:\/\/autopneu.md\/wp-content\/uploads\/2025\/04\/cropped_white_full_logo_and_background-300x57.png",300,57,true],"medium_large":["https:\/\/autopneu.md\/wp-content\/uploads\/2025\/04\/cropped_white_full_logo_and_background-768x147.png",768,147,true],"large":["https:\/\/autopneu.md\/wp-content\/uploads\/2025\/04\/cropped_white_full_logo_and_background-1024x196.png",1024,196,true],"1536x1536":["https:\/\/autopneu.md\/wp-content\/uploads\/2025\/04\/cropped_white_full_logo_and_background-1536x294.png",1536,294,true],"2048x2048":["https:\/\/autopneu.md\/wp-content\/uploads\/2025\/04\/cropped_white_full_logo_and_background-2048x393.png",2048,393,true],"trp-custom-language-flag":["https:\/\/autopneu.md\/wp-content\/uploads\/2025\/04\/cropped_white_full_logo_and_background-18x3.png",18,3,true],"woocommerce_thumbnail":["https:\/\/autopneu.md\/wp-content\/uploads\/2025\/04\/cropped_white_full_logo_and_background-300x57.png",300,57,true],"woocommerce_single":["https:\/\/autopneu.md\/wp-content\/uploads\/2025\/04\/cropped_white_full_logo_and_background-600x115.png",600,115,true],"woocommerce_gallery_thumbnail":["https:\/\/autopneu.md\/wp-content\/uploads\/2025\/04\/cropped_white_full_logo_and_background-100x100.png",100,100,true]},"uagb_author_info":{"display_name":"AutoPneu","author_link":"https:\/\/autopneu.md\/ru\/author\/tolik\/"},"uagb_comment_info":0,"uagb_excerpt":"\u0422\u0435\u043b\u0435\u0444\u043e\u043d \u0417\u0432\u043e\u043d\u0438\u0442\u0435 \u043f\u043e \u0442\u0435\u043b\u0435\u0444\u043e\u043d\u0443 068700788 E-mail \u041f\u0438\u0448\u0438\u0442\u0435 \u043d\u0430\u043c \u043d\u0430 \u043f\u043e\u0447\u0442\u0443 autopneumd@yahoo.com","_links":{"self":[{"href":"https:\/\/autopneu.md\/ru\/wp-json\/wp\/v2\/pages\/2756","targetHints":{"allow":["GET"]}}],"collection":[{"href":"https:\/\/autopneu.md\/ru\/wp-json\/wp\/v2\/pages"}],"about":[{"href":"https:\/\/autopneu.md\/ru\/wp-json\/wp\/v2\/types\/page"}],"author":[{"embeddable":true,"href":"https:\/\/autopneu.md\/ru\/wp-json\/wp\/v2\/users\/1"}],"replies":[{"embeddable":true,"href":"https:\/\/autopneu.md\/ru\/wp-json\/wp\/v2\/comments?post=2756"}],"version-history":[{"count":16,"href":"https:\/\/autopneu.md\/ru\/wp-json\/wp\/v2\/pages\/2756\/revisions"}],"predecessor-version":[{"id":3561,"href":"https:\/\/autopneu.md\/ru\/wp-json\/wp\/v2\/pages\/2756\/revisions\/3561"}],"wp:featuredmedia":[{"embeddable":true,"href":"https:\/\/autopneu.md\/ru\/wp-json\/wp\/v2\/media\/3235"}],"wp:attachment":[{"href":"https:\/\/autopneu.md\/ru\/wp-json\/wp\/v2\/media?parent=2756"}],"curies":[{"name":"wp","href":"https:\/\/api.w.org\/{rel}","templated":true}]}}