{"id":4190,"date":"2025-10-05T14:20:36","date_gmt":"2025-10-05T12:20:36","guid":{"rendered":"https:\/\/autopneu.md\/product\/235-50-r19-alpin-7-michelin\/"},"modified":"2025-10-14T20:58:07","modified_gmt":"2025-10-14T18:58:07","slug":"235-50-r19-alpin-7-michelin","status":"publish","type":"product","link":"https:\/\/autopneu.md\/ro\/produs\/235-50-r19-alpin-7-michelin\/","title":{"rendered":"235\/50 R19 (Alpin 7) Michelin"},"content":{"rendered":"","protected":false},"excerpt":{"rendered":"","protected":false},"featured_media":0,"template":"","meta":{"_uag_custom_page_level_css":"","site-sidebar-layout":"default","site-content-layout":"","ast-site-content-layout":"default","site-content-style":"default","site-sidebar-style":"default","ast-global-header-display":"","ast-banner-title-visibility":"","ast-main-header-display":"","ast-hfb-above-header-display":"","ast-hfb-below-header-display":"","ast-hfb-mobile-header-display":"","site-post-title":"","ast-breadcrumbs-content":"","ast-featured-img":"","footer-sml-layout":"","theme-transparent-header-meta":"default","adv-header-id-meta":"","stick-header-meta":"","header-above-stick-meta":"","header-main-stick-meta":"","header-below-stick-meta":"","astra-migrate-meta-layouts":"set","ast-page-background-enabled":"default","ast-page-background-meta":{"desktop":{"background-color":"","background-image":"","background-repeat":"repeat","background-position":"center center","background-size":"auto","background-attachment":"scroll","background-type":"","background-media":"","overlay-type":"","overlay-color":"","overlay-opacity":"","overlay-gradient":""},"tablet":{"background-color":"","background-image":"","background-repeat":"repeat","background-position":"center center","background-size":"auto","background-attachment":"scroll","background-type":"","background-media":"","overlay-type":"","overlay-color":"","overlay-opacity":"","overlay-gradient":""},"mobile":{"background-color":"","background-image":"","background-repeat":"repeat","background-position":"center center","background-size":"auto","background-attachment":"scroll","background-type":"","background-media":"","overlay-type":"","overlay-color":"","overlay-opacity":"","overlay-gradient":""}},"ast-content-background-meta":{"desktop":{"background-color":"var(--ast-global-color-5)","background-image":"","background-repeat":"repeat","background-position":"center center","background-size":"auto","background-attachment":"scroll","background-type":"","background-media":"","overlay-type":"","overlay-color":"","overlay-opacity":"","overlay-gradient":""},"tablet":{"background-color":"var(--ast-global-color-5)","background-image":"","background-repeat":"repeat","background-position":"center center","background-size":"auto","background-attachment":"scroll","background-type":"","background-media":"","overlay-type":"","overlay-color":"","overlay-opacity":"","overlay-gradient":""},"mobile":{"background-color":"var(--ast-global-color-5)","background-image":"","background-repeat":"repeat","background-position":"center center","background-size":"auto","background-attachment":"scroll","background-type":"","background-media":"","overlay-type":"","overlay-color":"","overlay-opacity":"","overlay-gradient":""}}},"pwb-brand":[291],"product_brand":[],"product_cat":[369],"product_tag":[315],"class_list":{"0":"post-4190","1":"product","2":"type-product","3":"status-publish","5":"pwb-brand-michelin","6":"product_cat-----suv-","7":"product_tag-235-50r19","8":"pa_diameter-74","9":"pa_height-54","10":"pa_season-winter","11":"pa_width-90","12":"desktop-align-left","13":"tablet-align-left","14":"mobile-align-left","16":"first","17":"instock","18":"shipping-taxable","19":"purchasable","20":"product-type-simple"},"yoast_head":"<!-- This site is optimized with the Yoast SEO plugin v27.3 - https:\/\/yoast.com\/product\/yoast-seo-wordpress\/ -->\n<title>235\/50 R19 (Alpin 7) Michelin - AUTOPNEU.MD<\/title>\n<meta name=\"robots\" content=\"index, follow, max-snippet:-1, max-image-preview:large, max-video-preview:-1\" \/>\n<link rel=\"canonical\" href=\"https:\/\/autopneu.md\/ro\/produs\/235-50-r19-alpin-7-michelin\/\" \/>\n<meta property=\"og:locale\" content=\"ro_RO\" \/>\n<meta property=\"og:type\" content=\"article\" \/>\n<meta property=\"og:title\" content=\"235\/50 R19 (Alpin 7) Michelin - AUTOPNEU.MD\" \/>\n<meta property=\"og:url\" content=\"https:\/\/autopneu.md\/ro\/produs\/235-50-r19-alpin-7-michelin\/\" \/>\n<meta property=\"og:site_name\" content=\"AUTOPNEU.MD\" \/>\n<meta property=\"article:modified_time\" content=\"2025-10-14T18:58:07+00:00\" \/>\n<meta name=\"twitter:card\" content=\"summary_large_image\" \/>\n<script type=\"application\/ld+json\" class=\"yoast-schema-graph\">{\"@context\":\"https:\\\/\\\/schema.org\",\"@graph\":[{\"@type\":\"WebPage\",\"@id\":\"https:\\\/\\\/autopneu.md\\\/product\\\/235-50-r19-alpin-7-michelin\\\/\",\"url\":\"https:\\\/\\\/autopneu.md\\\/product\\\/235-50-r19-alpin-7-michelin\\\/\",\"name\":\"235\\\/50 R19 (Alpin 7) Michelin - AUTOPNEU.MD\",\"isPartOf\":{\"@id\":\"https:\\\/\\\/autopneu.md\\\/#website\"},\"datePublished\":\"2025-10-05T12:20:36+00:00\",\"dateModified\":\"2025-10-14T18:58:07+00:00\",\"breadcrumb\":{\"@id\":\"https:\\\/\\\/autopneu.md\\\/product\\\/235-50-r19-alpin-7-michelin\\\/#breadcrumb\"},\"inLanguage\":\"ro-RO\",\"potentialAction\":[{\"@type\":\"ReadAction\",\"target\":[\"https:\\\/\\\/autopneu.md\\\/product\\\/235-50-r19-alpin-7-michelin\\\/\"]}]},{\"@type\":\"BreadcrumbList\",\"@id\":\"https:\\\/\\\/autopneu.md\\\/product\\\/235-50-r19-alpin-7-michelin\\\/#breadcrumb\",\"itemListElement\":[{\"@type\":\"ListItem\",\"position\":1,\"name\":\"Home\",\"item\":\"https:\\\/\\\/autopneu.md\\\/\"},{\"@type\":\"ListItem\",\"position\":2,\"name\":\"Store\",\"item\":\"https:\\\/\\\/autopneu.md\\\/store\\\/\"},{\"@type\":\"ListItem\",\"position\":3,\"name\":\"235\\\/50 R19 (Alpin 7) Michelin\"}]},{\"@type\":\"WebSite\",\"@id\":\"https:\\\/\\\/autopneu.md\\\/#website\",\"url\":\"https:\\\/\\\/autopneu.md\\\/\",\"name\":\"AUTOPNEU.MD\",\"description\":\"Cump\u0103r\u0103 anvelope \u00een Chi\u0219in\u0103u cu livrare gratuit\u0103 \u2013 simplu \u0219i rapid! Anvelope de var\u0103, iarn\u0103 \u0219i all-season de la produc\u0103tori de top. Comand\u0103 online \u0219i livrare rapid\u0103 direct la u\u0219a ta. \u041a\u0443\u043f\u0438\u0442\u044c \u0448\u0438\u043d\u044b \u0432 \u041a\u0438\u0448\u0438\u043d\u0451\u0432\u0435 \u0441 \u0431\u0435\u0441\u043f\u043b\u0430\u0442\u043d\u043e\u0439 \u0434\u043e\u0441\u0442\u0430\u0432\u043a\u043e\u0439 \u2014 \u043b\u0435\u0433\u043a\u043e! \u041b\u0435\u0442\u043d\u0438\u0435, \u0437\u0438\u043c\u043d\u0438\u0435 \u0438 \u0432\u0441\u0435\u0441\u0435\u0437\u043e\u043d\u043d\u044b\u0435 \u0448\u0438\u043d\u044b \u043e\u0442 \u0442\u043e\u043f\u043e\u0432\u044b\u0445 \u043f\u0440\u043e\u0438\u0437\u0432\u043e\u0434\u0438\u0442\u0435\u043b\u0435\u0439. \u041e\u043d\u043b\u0430\u0439\u043d \u0437\u0430\u043a\u0430\u0437 \u0438 \u0431\u044b\u0441\u0442\u0440\u0430\u044f \u0434\u043e\u0441\u0442\u0430\u0432\u043a\u0430 \u043f\u0440\u044f\u043c\u043e \u043a \u0432\u0430\u0448\u0435\u043c\u0443 \u043f\u043e\u0440\u043e\u0433\u0443.\",\"publisher\":{\"@id\":\"https:\\\/\\\/autopneu.md\\\/#organization\"},\"potentialAction\":[{\"@type\":\"SearchAction\",\"target\":{\"@type\":\"EntryPoint\",\"urlTemplate\":\"https:\\\/\\\/autopneu.md\\\/?s={search_term_string}\"},\"query-input\":{\"@type\":\"PropertyValueSpecification\",\"valueRequired\":true,\"valueName\":\"search_term_string\"}}],\"inLanguage\":\"ro-RO\"},{\"@type\":\"Organization\",\"@id\":\"https:\\\/\\\/autopneu.md\\\/#organization\",\"name\":\"AUTOPNEU.MD\",\"url\":\"https:\\\/\\\/autopneu.md\\\/\",\"logo\":{\"@type\":\"ImageObject\",\"inLanguage\":\"ro-RO\",\"@id\":\"https:\\\/\\\/autopneu.md\\\/#\\\/schema\\\/logo\\\/image\\\/\",\"url\":\"https:\\\/\\\/autopneu.md\\\/wp-content\\\/uploads\\\/2025\\\/04\\\/cropped-autopneu_logo-1.png\",\"contentUrl\":\"https:\\\/\\\/autopneu.md\\\/wp-content\\\/uploads\\\/2025\\\/04\\\/cropped-autopneu_logo-1.png\",\"width\":393,\"height\":46,\"caption\":\"AUTOPNEU.MD\"},\"image\":{\"@id\":\"https:\\\/\\\/autopneu.md\\\/#\\\/schema\\\/logo\\\/image\\\/\"}}]}<\/script>\n<!-- \/ Yoast SEO plugin. -->","yoast_head_json":{"title":"235\/50 R19 (Alpin 7) Michelin - AUTOPNEU.MD","robots":{"index":"index","follow":"follow","max-snippet":"max-snippet:-1","max-image-preview":"max-image-preview:large","max-video-preview":"max-video-preview:-1"},"canonical":"https:\/\/autopneu.md\/ro\/produs\/235-50-r19-alpin-7-michelin\/","og_locale":"ro_RO","og_type":"article","og_title":"235\/50 R19 (Alpin 7) Michelin - AUTOPNEU.MD","og_url":"https:\/\/autopneu.md\/ro\/produs\/235-50-r19-alpin-7-michelin\/","og_site_name":"AUTOPNEU.MD","article_modified_time":"2025-10-14T18:58:07+00:00","twitter_card":"summary_large_image","schema":{"@context":"https:\/\/schema.org","@graph":[{"@type":"WebPage","@id":"https:\/\/autopneu.md\/product\/235-50-r19-alpin-7-michelin\/","url":"https:\/\/autopneu.md\/product\/235-50-r19-alpin-7-michelin\/","name":"235\/50 R19 (Alpin 7) Michelin - AUTOPNEU.MD","isPartOf":{"@id":"https:\/\/autopneu.md\/#website"},"datePublished":"2025-10-05T12:20:36+00:00","dateModified":"2025-10-14T18:58:07+00:00","breadcrumb":{"@id":"https:\/\/autopneu.md\/product\/235-50-r19-alpin-7-michelin\/#breadcrumb"},"inLanguage":"ro-RO","potentialAction":[{"@type":"ReadAction","target":["https:\/\/autopneu.md\/product\/235-50-r19-alpin-7-michelin\/"]}]},{"@type":"BreadcrumbList","@id":"https:\/\/autopneu.md\/product\/235-50-r19-alpin-7-michelin\/#breadcrumb","itemListElement":[{"@type":"ListItem","position":1,"name":"Home","item":"https:\/\/autopneu.md\/"},{"@type":"ListItem","position":2,"name":"Store","item":"https:\/\/autopneu.md\/store\/"},{"@type":"ListItem","position":3,"name":"235\/50 R19 (Alpin 7) Michelin"}]},{"@type":"WebSite","@id":"https:\/\/autopneu.md\/#website","url":"https:\/\/autopneu.md\/","name":"AUTOPNEU.MD","description":"Cump\u0103r\u0103 anvelope \u00een Chi\u0219in\u0103u cu livrare gratuit\u0103 \u2013 simplu \u0219i rapid! Anvelope de var\u0103, iarn\u0103 \u0219i all-season de la produc\u0103tori de top. Comand\u0103 online \u0219i livrare rapid\u0103 direct la u\u0219a ta. \u041a\u0443\u043f\u0438\u0442\u044c \u0448\u0438\u043d\u044b \u0432 \u041a\u0438\u0448\u0438\u043d\u0451\u0432\u0435 \u0441 \u0431\u0435\u0441\u043f\u043b\u0430\u0442\u043d\u043e\u0439 \u0434\u043e\u0441\u0442\u0430\u0432\u043a\u043e\u0439 \u2014 \u043b\u0435\u0433\u043a\u043e! \u041b\u0435\u0442\u043d\u0438\u0435, \u0437\u0438\u043c\u043d\u0438\u0435 \u0438 \u0432\u0441\u0435\u0441\u0435\u0437\u043e\u043d\u043d\u044b\u0435 \u0448\u0438\u043d\u044b \u043e\u0442 \u0442\u043e\u043f\u043e\u0432\u044b\u0445 \u043f\u0440\u043e\u0438\u0437\u0432\u043e\u0434\u0438\u0442\u0435\u043b\u0435\u0439. \u041e\u043d\u043b\u0430\u0439\u043d \u0437\u0430\u043a\u0430\u0437 \u0438 \u0431\u044b\u0441\u0442\u0440\u0430\u044f \u0434\u043e\u0441\u0442\u0430\u0432\u043a\u0430 \u043f\u0440\u044f\u043c\u043e \u043a \u0432\u0430\u0448\u0435\u043c\u0443 \u043f\u043e\u0440\u043e\u0433\u0443.","publisher":{"@id":"https:\/\/autopneu.md\/#organization"},"potentialAction":[{"@type":"SearchAction","target":{"@type":"EntryPoint","urlTemplate":"https:\/\/autopneu.md\/?s={search_term_string}"},"query-input":{"@type":"PropertyValueSpecification","valueRequired":true,"valueName":"search_term_string"}}],"inLanguage":"ro-RO"},{"@type":"Organization","@id":"https:\/\/autopneu.md\/#organization","name":"AUTOPNEU.MD","url":"https:\/\/autopneu.md\/","logo":{"@type":"ImageObject","inLanguage":"ro-RO","@id":"https:\/\/autopneu.md\/#\/schema\/logo\/image\/","url":"https:\/\/autopneu.md\/wp-content\/uploads\/2025\/04\/cropped-autopneu_logo-1.png","contentUrl":"https:\/\/autopneu.md\/wp-content\/uploads\/2025\/04\/cropped-autopneu_logo-1.png","width":393,"height":46,"caption":"AUTOPNEU.MD"},"image":{"@id":"https:\/\/autopneu.md\/#\/schema\/logo\/image\/"}}]}},"uagb_featured_image_src":{"full":false,"thumbnail":false,"medium":false,"medium_large":false,"large":false,"1536x1536":false,"2048x2048":false,"trp-custom-language-flag":false,"woocommerce_thumbnail":false,"woocommerce_single":false,"woocommerce_gallery_thumbnail":false},"uagb_author_info":{"display_name":"AutoPneu","author_link":"https:\/\/autopneu.md\/ro\/author\/"},"uagb_comment_info":0,"uagb_excerpt":null,"brands":[{"id":291,"name":"MICHELIN","slug":"michelin"}],"_links":{"self":[{"href":"https:\/\/autopneu.md\/ro\/wp-json\/wp\/v2\/product\/4190","targetHints":{"allow":["GET"]}}],"collection":[{"href":"https:\/\/autopneu.md\/ro\/wp-json\/wp\/v2\/product"}],"about":[{"href":"https:\/\/autopneu.md\/ro\/wp-json\/wp\/v2\/types\/product"}],"wp:attachment":[{"href":"https:\/\/autopneu.md\/ro\/wp-json\/wp\/v2\/media?parent=4190"}],"wp:term":[{"taxonomy":"pwb-brand","embeddable":true,"href":"https:\/\/autopneu.md\/ro\/wp-json\/wp\/v2\/pwb-brand?post=4190"},{"taxonomy":"product_brand","embeddable":true,"href":"https:\/\/autopneu.md\/ro\/wp-json\/wp\/v2\/product_brand?post=4190"},{"taxonomy":"product_cat","embeddable":true,"href":"https:\/\/autopneu.md\/ro\/wp-json\/wp\/v2\/product_cat?post=4190"},{"taxonomy":"product_tag","embeddable":true,"href":"https:\/\/autopneu.md\/ro\/wp-json\/wp\/v2\/product_tag?post=4190"}],"curies":[{"name":"wp","href":"https:\/\/api.w.org\/{rel}","templated":true}]}}